{"id":3,"date":"2025-12-09T14:40:57","date_gmt":"2025-12-09T14:40:57","guid":{"rendered":"https:\/\/playart360.com\/?page_id=3"},"modified":"2025-12-10T17:01:14","modified_gmt":"2025-12-10T17:01:14","slug":"privacy-policy","status":"publish","type":"page","link":"https:\/\/playart360.com\/en\/privacy-policy\/","title":{"rendered":"Privacy Policy"},"content":{"rendered":"<div data-elementor-type=\"wp-page\" data-elementor-id=\"3\" class=\"elementor elementor-3\">\n\t\t\t\t<div class=\"elementor-element elementor-element-2e5d631b e-flex e-con-boxed wpr-particle-no wpr-jarallax-no wpr-parallax-no wpr-sticky-section-no e-con e-parent\" data-id=\"2e5d631b\" data-element_type=\"container\">\n\t\t\t\t\t<div class=\"e-con-inner\">\n\t\t\t\t<div class=\"elementor-element elementor-element-6b0e3eb7 elementor-widget elementor-widget-text-editor\" data-id=\"6b0e3eb7\" data-element_type=\"widget\" data-widget_type=\"text-editor.default\">\n\t\t\t\t\t\t\t\t\t\n<p>Pol\u00edtica de Privacidade \u2013 PlayArt360<\/p>\n<p>Coleta de dados<br \/>Coletamos informa\u00e7\u00f5es enviadas por voc\u00ea em formul\u00e1rios e coment\u00e1rios, al\u00e9m de dados t\u00e9cnicos b\u00e1sicos (IP e navegador) para seguran\u00e7a.<\/p>\n<p>M\u00eddia<br \/>Imagens com dados de localiza\u00e7\u00e3o podem expor informa\u00e7\u00f5es. Envie apenas arquivos sem EXIF.<\/p>\n<p>Cookies<br \/>Usamos cookies para lembrar prefer\u00eancias e melhorar sua navega\u00e7\u00e3o.<\/p>\n<p>Conte\u00fado de terceiros<br \/>V\u00eddeos e integra\u00e7\u00f5es externas seguem as pol\u00edticas dos servi\u00e7os originais e podem coletar dados.<\/p>\n<p>Uso e reten\u00e7\u00e3o<br \/>Guardamos apenas o necess\u00e1rio para funcionamento, atendimento e seguran\u00e7a do site.<\/p>\n<p>Seus direitos<br \/>Voc\u00ea pode solicitar acesso ou exclus\u00e3o dos seus dados, respeitando exig\u00eancias legais.<\/p>\t\t\t\t\t\t\t\t<\/div>\n\t\t\t\t<div class=\"elementor-element elementor-element-13128b3 elementor-widget elementor-widget-button\" data-id=\"13128b3\" data-element_type=\"widget\" data-widget_type=\"button.default\">\n\t\t\t\t\t\t\t\t\t\t<a class=\"elementor-button elementor-button-link elementor-size-sm\" href=\"https:\/\/playart360.com\/en\/\">\n\t\t\t\t\t\t<span class=\"elementor-button-content-wrapper\">\n\t\t\t\t\t\t\t\t\t<span class=\"elementor-button-text\">VOLTAR PARA HOME<\/span>\n\t\t\t\t\t<\/span>\n\t\t\t\t\t<\/a>\n\t\t\t\t\t\t\t\t<\/div>\n\t\t\t\t\t<\/div>\n\t\t\t\t<\/div>\n\t\t\t\t<\/div>","protected":false},"excerpt":{"rendered":"<p>Pol\u00edtica de Privacidade \u2013 PlayArt360 Coleta de dadosColetamos informa\u00e7\u00f5es enviadas por voc\u00ea em formul\u00e1rios e coment\u00e1rios, al\u00e9m de dados t\u00e9cnicos b\u00e1sicos (IP e navegador) para seguran\u00e7a. M\u00eddiaImagens com dados de localiza\u00e7\u00e3o podem expor informa\u00e7\u00f5es. Envie apenas arquivos sem EXIF. CookiesUsamos cookies para lembrar prefer\u00eancias e melhorar sua navega\u00e7\u00e3o. Conte\u00fado de terceirosV\u00eddeos e integra\u00e7\u00f5es externas seguem as pol\u00edticas dos servi\u00e7os originais e podem coletar dados. Uso e reten\u00e7\u00e3oGuardamos apenas o necess\u00e1rio para funcionamento, atendimento e seguran\u00e7a do site. Seus direitosVoc\u00ea pode solicitar acesso ou exclus\u00e3o dos seus dados, respeitando exig\u00eancias legais. VOLTAR PARA HOME<\/p>","protected":false},"author":1,"featured_media":0,"parent":0,"menu_order":0,"comment_status":"closed","ping_status":"closed","template":"","meta":{"footnotes":""},"class_list":["post-3","page","type-page","status-publish","hentry"],"_hostinger_reach_plugin_has_subscription_block":false,"_hostinger_reach_plugin_is_elementor":false,"_links":{"self":[{"href":"https:\/\/playart360.com\/en\/wp-json\/wp\/v2\/pages\/3","targetHints":{"allow":["GET"]}}],"collection":[{"href":"https:\/\/playart360.com\/en\/wp-json\/wp\/v2\/pages"}],"about":[{"href":"https:\/\/playart360.com\/en\/wp-json\/wp\/v2\/types\/page"}],"author":[{"embeddable":true,"href":"https:\/\/playart360.com\/en\/wp-json\/wp\/v2\/users\/1"}],"replies":[{"embeddable":true,"href":"https:\/\/playart360.com\/en\/wp-json\/wp\/v2\/comments?post=3"}],"version-history":[{"count":8,"href":"https:\/\/playart360.com\/en\/wp-json\/wp\/v2\/pages\/3\/revisions"}],"predecessor-version":[{"id":548,"href":"https:\/\/playart360.com\/en\/wp-json\/wp\/v2\/pages\/3\/revisions\/548"}],"wp:attachment":[{"href":"https:\/\/playart360.com\/en\/wp-json\/wp\/v2\/media?parent=3"}],"curies":[{"name":"wp","href":"https:\/\/api.w.org\/{rel}","templated":true}]}}